{"id":931,"date":"2026-02-12T21:12:23","date_gmt":"2026-02-12T21:12:23","guid":{"rendered":"https:\/\/iconwedding.it\/?page_id=931"},"modified":"2026-02-25T09:06:19","modified_gmt":"2026-02-25T09:06:19","slug":"blog","status":"publish","type":"page","link":"https:\/\/iconwedding.it\/en\/blog\/","title":{"rendered":"Blog"},"content":{"rendered":"\t\t<div data-elementor-type=\"wp-page\" data-elementor-id=\"931\" class=\"elementor elementor-931\" data-elementor-post-type=\"page\">\n\t\t\t\t<div class=\"elementor-element elementor-element-0f6f1a5 e-con-full e-flex e-con e-parent\" data-id=\"0f6f1a5\" data-element_type=\"container\" data-e-type=\"container\" data-settings=\"{&quot;background_background&quot;:&quot;classic&quot;}\">\n\t\t<div class=\"elementor-element elementor-element-379fe26 e-flex e-con-boxed e-con e-child\" data-id=\"379fe26\" data-element_type=\"container\" data-e-type=\"container\">\n\t\t\t\t\t<div class=\"e-con-inner\">\n\t\t\t\t\t<\/div>\n\t\t\t\t<\/div>\n\t\t<div class=\"elementor-element elementor-element-9940a61 e-flex e-con-boxed e-con e-child\" data-id=\"9940a61\" data-element_type=\"container\" data-e-type=\"container\">\n\t\t\t\t\t<div class=\"e-con-inner\">\n\t\t\t\t<div class=\"elementor-element elementor-element-a693e66 elementor-widget elementor-widget-image\" data-id=\"a693e66\" data-element_type=\"widget\" data-e-type=\"widget\" data-widget_type=\"image.default\">\n\t\t\t\t\t\t\t\t\t\t\t\t\t\t\t<img fetchpriority=\"high\" decoding=\"async\" width=\"800\" height=\"425\" src=\"https:\/\/iconwedding.it\/wp-content\/uploads\/2026\/02\/LOGO-IW-2-Trasparente-1024x544.webp\" class=\"attachment-large size-large wp-image-909\" alt=\"\" srcset=\"https:\/\/iconwedding.it\/wp-content\/uploads\/2026\/02\/LOGO-IW-2-Trasparente-1024x544.webp 1024w, https:\/\/iconwedding.it\/wp-content\/uploads\/2026\/02\/LOGO-IW-2-Trasparente-300x159.webp 300w, https:\/\/iconwedding.it\/wp-content\/uploads\/2026\/02\/LOGO-IW-2-Trasparente-768x408.webp 768w, https:\/\/iconwedding.it\/wp-content\/uploads\/2026\/02\/LOGO-IW-2-Trasparente-1536x816.webp 1536w, https:\/\/iconwedding.it\/wp-content\/uploads\/2026\/02\/LOGO-IW-2-Trasparente-2048x1088.webp 2048w\" sizes=\"(max-width: 800px) 100vw, 800px\" \/>\t\t\t\t\t\t\t\t\t\t\t\t\t\t\t<\/div>\n\t\t\t\t\t<\/div>\n\t\t\t\t<\/div>\n\t\t\t\t<\/div>\n\t\t<div class=\"elementor-element elementor-element-d7f2431 e-flex e-con-boxed e-con e-parent\" data-id=\"d7f2431\" data-element_type=\"container\" data-e-type=\"container\" id=\"eventi\">\n\t\t\t\t\t<div class=\"e-con-inner\">\n\t\t\t\t<div class=\"elementor-element elementor-element-e342333 elementor-widget elementor-widget-heading\" data-id=\"e342333\" data-element_type=\"widget\" data-e-type=\"widget\" data-widget_type=\"heading.default\">\n\t\t\t\t\t<h1 class=\"elementor-heading-title elementor-size-default\">Il nostro BLOG<\/h1>\t\t\t\t<\/div>\n\t\t\t\t<div class=\"elementor-element elementor-element-793ec63 elementor-grid-3 elementor-grid-tablet-2 elementor-grid-mobile-1 elementor-widget elementor-widget-loop-grid\" data-id=\"793ec63\" data-element_type=\"widget\" data-e-type=\"widget\" data-settings=\"{&quot;template_id&quot;:237,&quot;_skin&quot;:&quot;post&quot;,&quot;columns&quot;:&quot;3&quot;,&quot;columns_tablet&quot;:&quot;2&quot;,&quot;columns_mobile&quot;:&quot;1&quot;,&quot;edit_handle_selector&quot;:&quot;[data-elementor-type=\\&quot;loop-item\\&quot;]&quot;,&quot;row_gap&quot;:{&quot;unit&quot;:&quot;px&quot;,&quot;size&quot;:&quot;&quot;,&quot;sizes&quot;:[]},&quot;row_gap_tablet&quot;:{&quot;unit&quot;:&quot;px&quot;,&quot;size&quot;:&quot;&quot;,&quot;sizes&quot;:[]},&quot;row_gap_mobile&quot;:{&quot;unit&quot;:&quot;px&quot;,&quot;size&quot;:&quot;&quot;,&quot;sizes&quot;:[]}}\" data-widget_type=\"loop-grid.post\">\n\t\t\t\t<div class=\"elementor-widget-container\">\n\t\t\t\t\t\t\t<div class=\"elementor-loop-container elementor-grid\" role=\"list\">\n\t\t<style id=\"loop-237\">.elementor-237 .elementor-element.elementor-element-62e5ce3{--display:flex;--flex-direction:column;--container-widget-width:100%;--container-widget-height:initial;--container-widget-flex-grow:0;--container-widget-align-self:initial;--flex-wrap-mobile:wrap;--padding-top:0px;--padding-bottom:0px;--padding-left:0px;--padding-right:0px;}.elementor-237 .elementor-element.elementor-element-62e5ce3:not(.elementor-motion-effects-element-type-background), .elementor-237 .elementor-element.elementor-element-62e5ce3 > .elementor-motion-effects-container > .elementor-motion-effects-layer{background-color:#DCDCDC;}.elementor-237 .elementor-element.elementor-element-939fb9f{text-align:start;}.elementor-237 .elementor-element.elementor-element-ef962b1{text-align:center;padding:0px 30px 20px 30px;}.elementor-237 .elementor-element.elementor-element-ef962b1 .elementor-heading-title{font-family:\"Merriweather\", Sans-serif;font-size:15px;font-weight:300;font-style:italic;line-height:1.8em;letter-spacing:0.4px;word-spacing:0.1em;}<\/style>\t\t<div data-elementor-type=\"loop-item\" data-elementor-id=\"237\" class=\"elementor elementor-237 e-loop-item e-loop-item-1028 post-1028 post type-post status-publish format-standard has-post-thumbnail hentry category-articoli-blog tag-homepage\" data-elementor-post-type=\"elementor_library\" data-custom-edit-handle=\"1\">\n\t\t\t<div class=\"elementor-element elementor-element-62e5ce3 e-flex e-con-boxed e-con e-parent\" data-id=\"62e5ce3\" data-element_type=\"container\" data-e-type=\"container\" data-settings=\"{&quot;background_background&quot;:&quot;classic&quot;}\">\n\t\t\t\t\t<div class=\"e-con-inner\">\n\t\t\t\t<div class=\"elementor-element elementor-element-939fb9f elementor-widget elementor-widget-theme-post-featured-image elementor-widget-image\" data-id=\"939fb9f\" data-element_type=\"widget\" data-e-type=\"widget\" data-widget_type=\"theme-post-featured-image.default\">\n\t\t\t\t\t\t\t\t\t\t\t\t\t\t\t\t<a href=\"https:\/\/iconwedding.it\/en\/wedding-planner-when-organization-meets-emotion\/\">\n\t\t\t\t\t\t\t<img decoding=\"async\" width=\"2560\" height=\"1707\" src=\"https:\/\/iconwedding.it\/wp-content\/uploads\/2025\/10\/VI-1180-di-2444-scaled.jpg\" class=\"attachment-full size-full wp-image-475\" alt=\"destination wedding planner italy bologna\" srcset=\"https:\/\/iconwedding.it\/wp-content\/uploads\/2025\/10\/VI-1180-di-2444-scaled.jpg 2560w, https:\/\/iconwedding.it\/wp-content\/uploads\/2025\/10\/VI-1180-di-2444-300x200.jpg 300w, https:\/\/iconwedding.it\/wp-content\/uploads\/2025\/10\/VI-1180-di-2444-1024x683.jpg 1024w, https:\/\/iconwedding.it\/wp-content\/uploads\/2025\/10\/VI-1180-di-2444-768x512.jpg 768w, https:\/\/iconwedding.it\/wp-content\/uploads\/2025\/10\/VI-1180-di-2444-1536x1024.jpg 1536w, https:\/\/iconwedding.it\/wp-content\/uploads\/2025\/10\/VI-1180-di-2444-2048x1365.jpg 2048w\" sizes=\"(max-width: 2560px) 100vw, 2560px\" \/>\t\t\t\t\t\t\t\t<\/a>\n\t\t\t\t\t\t\t\t\t\t\t\t\t\t\t<\/div>\n\t\t\t\t<div class=\"elementor-element elementor-element-ef962b1 elementor-widget elementor-widget-theme-post-title elementor-page-title elementor-widget-heading\" data-id=\"ef962b1\" data-element_type=\"widget\" data-e-type=\"widget\" data-widget_type=\"theme-post-title.default\">\n\t\t\t\t\t<h1 class=\"elementor-heading-title elementor-size-default\"><a href=\"https:\/\/iconwedding.it\/en\/wedding-planner-when-organization-meets-emotion\/\">Wedding planner: quando l\u2019organizzazione incontra l\u2019emozione<\/a><\/h1>\t\t\t\t<\/div>\n\t\t\t\t\t<\/div>\n\t\t\t\t<\/div>\n\t\t\t\t<\/div>\n\t\t\t\t<div data-elementor-type=\"loop-item\" data-elementor-id=\"237\" class=\"elementor elementor-237 e-loop-item e-loop-item-1019 post-1019 post type-post status-publish format-standard has-post-thumbnail hentry category-articoli-blog tag-homepage\" data-elementor-post-type=\"elementor_library\" data-custom-edit-handle=\"1\">\n\t\t\t<div class=\"elementor-element elementor-element-62e5ce3 e-flex e-con-boxed e-con e-parent\" data-id=\"62e5ce3\" data-element_type=\"container\" data-e-type=\"container\" data-settings=\"{&quot;background_background&quot;:&quot;classic&quot;}\">\n\t\t\t\t\t<div class=\"e-con-inner\">\n\t\t\t\t<div class=\"elementor-element elementor-element-939fb9f elementor-widget elementor-widget-theme-post-featured-image elementor-widget-image\" data-id=\"939fb9f\" data-element_type=\"widget\" data-e-type=\"widget\" data-widget_type=\"theme-post-featured-image.default\">\n\t\t\t\t\t\t\t\t\t\t\t\t\t\t\t\t<a href=\"https:\/\/iconwedding.it\/en\/the-role-of-the-wedding-planner-the-art-of-transforming-a-wedding-into-an-unforgettable-experience\/\">\n\t\t\t\t\t\t\t<img decoding=\"async\" width=\"2560\" height=\"1707\" src=\"https:\/\/iconwedding.it\/wp-content\/uploads\/2025\/10\/JS-147-scaled.jpg\" class=\"attachment-full size-full wp-image-607\" alt=\"luxury wedding planner podere bologna\" srcset=\"https:\/\/iconwedding.it\/wp-content\/uploads\/2025\/10\/JS-147-scaled.jpg 2560w, https:\/\/iconwedding.it\/wp-content\/uploads\/2025\/10\/JS-147-300x200.jpg 300w, https:\/\/iconwedding.it\/wp-content\/uploads\/2025\/10\/JS-147-1024x683.jpg 1024w, https:\/\/iconwedding.it\/wp-content\/uploads\/2025\/10\/JS-147-768x512.jpg 768w, https:\/\/iconwedding.it\/wp-content\/uploads\/2025\/10\/JS-147-1536x1024.jpg 1536w, https:\/\/iconwedding.it\/wp-content\/uploads\/2025\/10\/JS-147-2048x1365.jpg 2048w\" sizes=\"(max-width: 2560px) 100vw, 2560px\" \/>\t\t\t\t\t\t\t\t<\/a>\n\t\t\t\t\t\t\t\t\t\t\t\t\t\t\t<\/div>\n\t\t\t\t<div class=\"elementor-element elementor-element-ef962b1 elementor-widget elementor-widget-theme-post-title elementor-page-title elementor-widget-heading\" data-id=\"ef962b1\" data-element_type=\"widget\" data-e-type=\"widget\" data-widget_type=\"theme-post-title.default\">\n\t\t\t\t\t<h1 class=\"elementor-heading-title elementor-size-default\"><a href=\"https:\/\/iconwedding.it\/en\/the-role-of-the-wedding-planner-the-art-of-transforming-a-wedding-into-an-unforgettable-experience\/\">Il ruolo della wedding planner: l\u2019arte di trasformare un matrimonio in un\u2019esperienza indimenticabile<\/a><\/h1>\t\t\t\t<\/div>\n\t\t\t\t\t<\/div>\n\t\t\t\t<\/div>\n\t\t\t\t<\/div>\n\t\t\t\t<div data-elementor-type=\"loop-item\" data-elementor-id=\"237\" class=\"elementor elementor-237 e-loop-item e-loop-item-945 post-945 post type-post status-publish format-standard has-post-thumbnail hentry category-articoli-blog tag-homepage\" data-elementor-post-type=\"elementor_library\" data-custom-edit-handle=\"1\">\n\t\t\t<div class=\"elementor-element elementor-element-62e5ce3 e-flex e-con-boxed e-con e-parent\" data-id=\"62e5ce3\" data-element_type=\"container\" data-e-type=\"container\" data-settings=\"{&quot;background_background&quot;:&quot;classic&quot;}\">\n\t\t\t\t\t<div class=\"e-con-inner\">\n\t\t\t\t<div class=\"elementor-element elementor-element-939fb9f elementor-widget elementor-widget-theme-post-featured-image elementor-widget-image\" data-id=\"939fb9f\" data-element_type=\"widget\" data-e-type=\"widget\" data-widget_type=\"theme-post-featured-image.default\">\n\t\t\t\t\t\t\t\t\t\t\t\t\t\t\t\t<a href=\"https:\/\/iconwedding.it\/en\/test-article-1\/\">\n\t\t\t\t\t\t\t<img loading=\"lazy\" decoding=\"async\" width=\"2560\" height=\"1707\" src=\"https:\/\/iconwedding.it\/wp-content\/uploads\/2025\/10\/JS-98-scaled.jpg\" class=\"attachment-full size-full wp-image-604\" alt=\"italian luxury wedding planning services\" srcset=\"https:\/\/iconwedding.it\/wp-content\/uploads\/2025\/10\/JS-98-scaled.jpg 2560w, https:\/\/iconwedding.it\/wp-content\/uploads\/2025\/10\/JS-98-300x200.jpg 300w, https:\/\/iconwedding.it\/wp-content\/uploads\/2025\/10\/JS-98-1024x683.jpg 1024w, https:\/\/iconwedding.it\/wp-content\/uploads\/2025\/10\/JS-98-768x512.jpg 768w, https:\/\/iconwedding.it\/wp-content\/uploads\/2025\/10\/JS-98-1536x1024.jpg 1536w, https:\/\/iconwedding.it\/wp-content\/uploads\/2025\/10\/JS-98-2048x1365.jpg 2048w\" sizes=\"(max-width: 2560px) 100vw, 2560px\" \/>\t\t\t\t\t\t\t\t<\/a>\n\t\t\t\t\t\t\t\t\t\t\t\t\t\t\t<\/div>\n\t\t\t\t<div class=\"elementor-element elementor-element-ef962b1 elementor-widget elementor-widget-theme-post-title elementor-page-title elementor-widget-heading\" data-id=\"ef962b1\" data-element_type=\"widget\" data-e-type=\"widget\" data-widget_type=\"theme-post-title.default\">\n\t\t\t\t\t<h1 class=\"elementor-heading-title elementor-size-default\"><a href=\"https:\/\/iconwedding.it\/en\/test-article-1\/\">Organizzare il matrimonio perfetto: perch\u00e9 affidarsi a un wedding planner fa davvero la differenza<\/a><\/h1>\t\t\t\t<\/div>\n\t\t\t\t\t<\/div>\n\t\t\t\t<\/div>\n\t\t\t\t<\/div>\n\t\t\t\t<\/div>\n\t\t\n\t\t\t\t\t\t<\/div>\n\t\t\t\t<\/div>\n\t\t\t\t\t<\/div>\n\t\t\t\t<\/div>\n\t\t<div class=\"elementor-element elementor-element-bdfe88a e-flex e-con-boxed e-con e-parent\" data-id=\"bdfe88a\" data-element_type=\"container\" data-e-type=\"container\" id=\"servizi\" data-settings=\"{&quot;background_background&quot;:&quot;classic&quot;}\">\n\t\t\t\t\t<div class=\"e-con-inner\">\n\t\t<div class=\"elementor-element elementor-element-5f28f2a e-con-full e-flex e-con e-child\" data-id=\"5f28f2a\" data-element_type=\"container\" data-e-type=\"container\">\n\t\t<div class=\"elementor-element elementor-element-f42b559 e-con-full e-flex e-con e-child\" data-id=\"f42b559\" data-element_type=\"container\" data-e-type=\"container\">\n\t\t\t\t<div class=\"elementor-element elementor-element-6342d5a elementor-widget elementor-widget-image\" data-id=\"6342d5a\" data-element_type=\"widget\" data-e-type=\"widget\" data-widget_type=\"image.default\">\n\t\t\t\t\t\t\t\t\t\t\t\t\t\t\t<img loading=\"lazy\" decoding=\"async\" width=\"683\" height=\"1024\" src=\"https:\/\/iconwedding.it\/wp-content\/uploads\/2025\/10\/WEDDING-165-683x1024.jpg\" class=\"attachment-large size-large wp-image-302\" alt=\"luxury destination wedding planner bologna\" srcset=\"https:\/\/iconwedding.it\/wp-content\/uploads\/2025\/10\/WEDDING-165-683x1024.jpg 683w, https:\/\/iconwedding.it\/wp-content\/uploads\/2025\/10\/WEDDING-165-200x300.jpg 200w, https:\/\/iconwedding.it\/wp-content\/uploads\/2025\/10\/WEDDING-165-768x1152.jpg 768w, https:\/\/iconwedding.it\/wp-content\/uploads\/2025\/10\/WEDDING-165-1024x1536.jpg 1024w, https:\/\/iconwedding.it\/wp-content\/uploads\/2025\/10\/WEDDING-165-1365x2048.jpg 1365w, https:\/\/iconwedding.it\/wp-content\/uploads\/2025\/10\/WEDDING-165-scaled.jpg 1707w\" sizes=\"(max-width: 683px) 100vw, 683px\" \/>\t\t\t\t\t\t\t\t\t\t\t\t\t\t\t<\/div>\n\t\t\t\t<\/div>\n\t\t<div class=\"elementor-element elementor-element-d6625ac e-con-full e-flex e-con e-child\" data-id=\"d6625ac\" data-element_type=\"container\" data-e-type=\"container\">\n\t\t\t\t<div class=\"elementor-element elementor-element-fec88d2 elementor-widget elementor-widget-heading\" data-id=\"fec88d2\" data-element_type=\"widget\" data-e-type=\"widget\" data-widget_type=\"heading.default\">\n\t\t\t\t\t<h2 class=\"elementor-heading-title elementor-size-default\">CONSULENZA<\/h2>\t\t\t\t<\/div>\n\t\t\t\t<div class=\"elementor-element elementor-element-39e2ebe elementor-widget elementor-widget-text-editor\" data-id=\"39e2ebe\" data-element_type=\"widget\" data-e-type=\"widget\" data-widget_type=\"text-editor.default\">\n\t\t\t\t\t\t\t\t\t<p>Ti invitiamo a incontrarci per pianificare insieme il tuo evento in modo completamente gratuito.<br \/><br \/>Questo incontro rappresenta un\u2019opportunit\u00e0 per conoscerci meglio, comprendere appieno le tue esigenze e desideri, e mostrarti come gestiamo ogni aspetto dell\u2019organizzazione. <br \/><br \/>Sar\u00e0 il momento ideale per illustrarti il nostro approccio professionale e personalizzato, permettendoci di dar forma alla tua visione in maniera concreta e dettagliata. <br \/><br \/>Attraverso questa consulenza iniziale, avrai l&#8217;opportunit\u00e0 di valutare come lavoriamo, scoprire le soluzioni pi\u00f9 adatte a te e iniziare a pianificare il tuo evento in tutta tranquillit\u00e0, con la certezza che ogni fase sar\u00e0 curata con la massima attenzione.<\/p>\t\t\t\t\t\t\t\t<\/div>\n\t\t\t\t<div class=\"elementor-element elementor-element-32627f4 elementor-align-center elementor-widget elementor-widget-button\" data-id=\"32627f4\" data-element_type=\"widget\" data-e-type=\"widget\" data-widget_type=\"button.default\">\n\t\t\t\t\t\t\t\t\t\t<a class=\"elementor-button elementor-button-link elementor-size-sm\" href=\"https:\/\/iconwedding.it\/#contatti\">\n\t\t\t\t\t\t<span class=\"elementor-button-content-wrapper\">\n\t\t\t\t\t\t\t\t\t<span class=\"elementor-button-text\">CONTATTO<\/span>\n\t\t\t\t\t<\/span>\n\t\t\t\t\t<\/a>\n\t\t\t\t\t\t\t\t<\/div>\n\t\t\t\t<\/div>\n\t\t\t\t<\/div>\n\t\t\t\t\t<\/div>\n\t\t\t\t<\/div>\n\t\t\t\t<\/div>\n\t\t","protected":false},"excerpt":{"rendered":"<p>Il nostro BLOG CONSULENZA Ti invitiamo a incontrarci per pianificare insieme il tuo evento in modo completamente gratuito. Questo incontro rappresenta un\u2019opportunit\u00e0 per conoscerci meglio, comprendere appieno le tue esigenze e desideri, e mostrarti come gestiamo ogni aspetto dell\u2019organizzazione. Sar\u00e0 il momento ideale per illustrarti il nostro approccio professionale e personalizzato, permettendoci di dar forma [&hellip;]<\/p>\n","protected":false},"author":2,"featured_media":0,"parent":0,"menu_order":0,"comment_status":"closed","ping_status":"closed","template":"elementor_header_footer","meta":{"footnotes":""},"class_list":["post-931","page","type-page","status-publish","hentry"],"yoast_head":"<!-- This site is optimized with the Yoast SEO plugin v27.3 - https:\/\/yoast.com\/product\/yoast-seo-wordpress\/ -->\n<title>Icon Wedding - Event planner<\/title>\n<meta name=\"description\" content=\"Event planner per matrimoni. Contattaci per pianificare insieme il tuo evento\" \/>\n<meta name=\"robots\" content=\"index, follow, max-snippet:-1, max-image-preview:large, max-video-preview:-1\" \/>\n<link rel=\"canonical\" href=\"https:\/\/iconwedding.it\/en\/blog\/\" \/>\n<meta property=\"og:locale\" content=\"en_GB\" \/>\n<meta property=\"og:type\" content=\"article\" \/>\n<meta property=\"og:title\" content=\"Icon Wedding - Event planner\" \/>\n<meta property=\"og:description\" content=\"Event planner per matrimoni. Contattaci per pianificare insieme il tuo evento\" \/>\n<meta property=\"og:url\" content=\"https:\/\/iconwedding.it\/en\/blog\/\" \/>\n<meta property=\"og:site_name\" content=\"Icon Wedding - Event Planner\" \/>\n<meta property=\"article:modified_time\" content=\"2026-02-25T09:06:19+00:00\" \/>\n<meta property=\"og:image\" content=\"https:\/\/iconwedding.it\/wp-content\/uploads\/2026\/02\/LOGO-IW-2-Trasparente-scaled.webp\" \/>\n\t<meta property=\"og:image:width\" content=\"2560\" \/>\n\t<meta property=\"og:image:height\" content=\"1360\" \/>\n\t<meta property=\"og:image:type\" content=\"image\/webp\" \/>\n<meta name=\"twitter:card\" content=\"summary_large_image\" \/>\n<meta name=\"twitter:label1\" content=\"Estimated reading time\" \/>\n\t<meta name=\"twitter:data1\" content=\"1 minute\" \/>\n<script type=\"application\/ld+json\" class=\"yoast-schema-graph\">{\"@context\":\"https:\\\/\\\/schema.org\",\"@graph\":[{\"@type\":\"WebPage\",\"@id\":\"https:\\\/\\\/iconwedding.it\\\/blog\\\/\",\"url\":\"https:\\\/\\\/iconwedding.it\\\/blog\\\/\",\"name\":\"Icon Wedding - Event planner\",\"isPartOf\":{\"@id\":\"https:\\\/\\\/iconwedding.it\\\/#website\"},\"primaryImageOfPage\":{\"@id\":\"https:\\\/\\\/iconwedding.it\\\/blog\\\/#primaryimage\"},\"image\":{\"@id\":\"https:\\\/\\\/iconwedding.it\\\/blog\\\/#primaryimage\"},\"thumbnailUrl\":\"https:\\\/\\\/iconwedding.it\\\/wp-content\\\/uploads\\\/2026\\\/02\\\/LOGO-IW-2-Trasparente-1024x544.webp\",\"datePublished\":\"2026-02-12T21:12:23+00:00\",\"dateModified\":\"2026-02-25T09:06:19+00:00\",\"description\":\"Event planner per matrimoni. Contattaci per pianificare insieme il tuo evento\",\"breadcrumb\":{\"@id\":\"https:\\\/\\\/iconwedding.it\\\/blog\\\/#breadcrumb\"},\"inLanguage\":\"en-GB\",\"potentialAction\":[{\"@type\":\"ReadAction\",\"target\":[\"https:\\\/\\\/iconwedding.it\\\/blog\\\/\"]}]},{\"@type\":\"ImageObject\",\"inLanguage\":\"en-GB\",\"@id\":\"https:\\\/\\\/iconwedding.it\\\/blog\\\/#primaryimage\",\"url\":\"https:\\\/\\\/iconwedding.it\\\/wp-content\\\/uploads\\\/2026\\\/02\\\/LOGO-IW-2-Trasparente-1024x544.webp\",\"contentUrl\":\"https:\\\/\\\/iconwedding.it\\\/wp-content\\\/uploads\\\/2026\\\/02\\\/LOGO-IW-2-Trasparente-1024x544.webp\"},{\"@type\":\"BreadcrumbList\",\"@id\":\"https:\\\/\\\/iconwedding.it\\\/blog\\\/#breadcrumb\",\"itemListElement\":[{\"@type\":\"ListItem\",\"position\":1,\"name\":\"Home\",\"item\":\"https:\\\/\\\/iconwedding.it\\\/\"},{\"@type\":\"ListItem\",\"position\":2,\"name\":\"Blog\"}]},{\"@type\":\"WebSite\",\"@id\":\"https:\\\/\\\/iconwedding.it\\\/#website\",\"url\":\"https:\\\/\\\/iconwedding.it\\\/\",\"name\":\"Icon Wedding - Event Planner\",\"description\":\"Event planner per matrimoni\",\"publisher\":{\"@id\":\"https:\\\/\\\/iconwedding.it\\\/#organization\"},\"alternateName\":\"Icon Wedding - Event Planner\",\"potentialAction\":[{\"@type\":\"SearchAction\",\"target\":{\"@type\":\"EntryPoint\",\"urlTemplate\":\"https:\\\/\\\/iconwedding.it\\\/?s={search_term_string}\"},\"query-input\":{\"@type\":\"PropertyValueSpecification\",\"valueRequired\":true,\"valueName\":\"search_term_string\"}}],\"inLanguage\":\"en-GB\"},{\"@type\":\"Organization\",\"@id\":\"https:\\\/\\\/iconwedding.it\\\/#organization\",\"name\":\"Icon Wedding - Event Planner\",\"alternateName\":\"Icon Wedding - Event Planner\",\"url\":\"https:\\\/\\\/iconwedding.it\\\/\",\"logo\":{\"@type\":\"ImageObject\",\"inLanguage\":\"en-GB\",\"@id\":\"https:\\\/\\\/iconwedding.it\\\/#\\\/schema\\\/logo\\\/image\\\/\",\"url\":\"https:\\\/\\\/iconwedding.it\\\/wp-content\\\/uploads\\\/2026\\\/02\\\/cropped-LOGO-IW-2-Quadrata-scaled-1.jpg\",\"contentUrl\":\"https:\\\/\\\/iconwedding.it\\\/wp-content\\\/uploads\\\/2026\\\/02\\\/cropped-LOGO-IW-2-Quadrata-scaled-1.jpg\",\"width\":512,\"height\":512,\"caption\":\"Icon Wedding - Event Planner\"},\"image\":{\"@id\":\"https:\\\/\\\/iconwedding.it\\\/#\\\/schema\\\/logo\\\/image\\\/\"}}]}<\/script>\n<!-- \/ Yoast SEO plugin. -->","yoast_head_json":{"title":"Icon Wedding - Event Planner","description":"Wedding event planner. Contact us to plan your event together.","robots":{"index":"index","follow":"follow","max-snippet":"max-snippet:-1","max-image-preview":"max-image-preview:large","max-video-preview":"max-video-preview:-1"},"canonical":"https:\/\/iconwedding.it\/en\/blog\/","og_locale":"en_GB","og_type":"article","og_title":"Icon Wedding - Event planner","og_description":"Event planner per matrimoni. Contattaci per pianificare insieme il tuo evento","og_url":"https:\/\/iconwedding.it\/en\/blog\/","og_site_name":"Icon Wedding - Event Planner","article_modified_time":"2026-02-25T09:06:19+00:00","og_image":[{"width":2560,"height":1360,"url":"https:\/\/iconwedding.it\/wp-content\/uploads\/2026\/02\/LOGO-IW-2-Trasparente-scaled.webp","type":"image\/webp"}],"twitter_card":"summary_large_image","twitter_misc":{"Estimated reading time":"1 minute"},"schema":{"@context":"https:\/\/schema.org","@graph":[{"@type":"WebPage","@id":"https:\/\/iconwedding.it\/blog\/","url":"https:\/\/iconwedding.it\/blog\/","name":"Icon Wedding - Event Planner","isPartOf":{"@id":"https:\/\/iconwedding.it\/#website"},"primaryImageOfPage":{"@id":"https:\/\/iconwedding.it\/blog\/#primaryimage"},"image":{"@id":"https:\/\/iconwedding.it\/blog\/#primaryimage"},"thumbnailUrl":"https:\/\/iconwedding.it\/wp-content\/uploads\/2026\/02\/LOGO-IW-2-Trasparente-1024x544.webp","datePublished":"2026-02-12T21:12:23+00:00","dateModified":"2026-02-25T09:06:19+00:00","description":"Wedding event planner. Contact us to plan your event together.","breadcrumb":{"@id":"https:\/\/iconwedding.it\/blog\/#breadcrumb"},"inLanguage":"en-GB","potentialAction":[{"@type":"ReadAction","target":["https:\/\/iconwedding.it\/blog\/"]}]},{"@type":"ImageObject","inLanguage":"en-GB","@id":"https:\/\/iconwedding.it\/blog\/#primaryimage","url":"https:\/\/iconwedding.it\/wp-content\/uploads\/2026\/02\/LOGO-IW-2-Trasparente-1024x544.webp","contentUrl":"https:\/\/iconwedding.it\/wp-content\/uploads\/2026\/02\/LOGO-IW-2-Trasparente-1024x544.webp"},{"@type":"BreadcrumbList","@id":"https:\/\/iconwedding.it\/blog\/#breadcrumb","itemListElement":[{"@type":"ListItem","position":1,"name":"Home","item":"https:\/\/iconwedding.it\/"},{"@type":"ListItem","position":2,"name":"Blog"}]},{"@type":"WebSite","@id":"https:\/\/iconwedding.it\/#website","url":"https:\/\/iconwedding.it\/","name":"Icon Wedding - Event Planner","description":"Wedding Event Planner","publisher":{"@id":"https:\/\/iconwedding.it\/#organization"},"alternateName":"Icon Wedding - Event Planner","potentialAction":[{"@type":"SearchAction","target":{"@type":"EntryPoint","urlTemplate":"https:\/\/iconwedding.it\/?s={search_term_string}"},"query-input":{"@type":"PropertyValueSpecification","valueRequired":true,"valueName":"search_term_string"}}],"inLanguage":"en-GB"},{"@type":"Organization","@id":"https:\/\/iconwedding.it\/#organization","name":"Icon Wedding - Event Planner","alternateName":"Icon Wedding - Event Planner","url":"https:\/\/iconwedding.it\/","logo":{"@type":"ImageObject","inLanguage":"en-GB","@id":"https:\/\/iconwedding.it\/#\/schema\/logo\/image\/","url":"https:\/\/iconwedding.it\/wp-content\/uploads\/2026\/02\/cropped-LOGO-IW-2-Quadrata-scaled-1.jpg","contentUrl":"https:\/\/iconwedding.it\/wp-content\/uploads\/2026\/02\/cropped-LOGO-IW-2-Quadrata-scaled-1.jpg","width":512,"height":512,"caption":"Icon Wedding - Event Planner"},"image":{"@id":"https:\/\/iconwedding.it\/#\/schema\/logo\/image\/"}}]}},"_links":{"self":[{"href":"https:\/\/iconwedding.it\/en\/wp-json\/wp\/v2\/pages\/931","targetHints":{"allow":["GET"]}}],"collection":[{"href":"https:\/\/iconwedding.it\/en\/wp-json\/wp\/v2\/pages"}],"about":[{"href":"https:\/\/iconwedding.it\/en\/wp-json\/wp\/v2\/types\/page"}],"author":[{"embeddable":true,"href":"https:\/\/iconwedding.it\/en\/wp-json\/wp\/v2\/users\/2"}],"replies":[{"embeddable":true,"href":"https:\/\/iconwedding.it\/en\/wp-json\/wp\/v2\/comments?post=931"}],"version-history":[{"count":40,"href":"https:\/\/iconwedding.it\/en\/wp-json\/wp\/v2\/pages\/931\/revisions"}],"predecessor-version":[{"id":1328,"href":"https:\/\/iconwedding.it\/en\/wp-json\/wp\/v2\/pages\/931\/revisions\/1328"}],"wp:attachment":[{"href":"https:\/\/iconwedding.it\/en\/wp-json\/wp\/v2\/media?parent=931"}],"curies":[{"name":"wp","href":"https:\/\/api.w.org\/{rel}","templated":true}]}}